{"id":130,"date":"2024-03-12T21:03:51","date_gmt":"2024-03-12T20:03:51","guid":{"rendered":"https:\/\/www.multikontrast.de\/hotel-miano\/homepage\/"},"modified":"2025-09-24T12:23:56","modified_gmt":"2025-09-24T10:23:56","slug":"home","status":"publish","type":"page","link":"https:\/\/www.hotel-miano.de\/en\/","title":{"rendered":"Home"},"content":{"rendered":"\r\n<p>Dies ist eine Beispiel-Seite. Sie unterscheidet sich von Beitr\u00e4gen, da sie stets an derselben Stelle bleibt und (bei den meisten Themes) in der Website-Navigation angezeigt wird. Die meisten starten mit einem Impressum, der Datenschutzerkl\u00e4rung oder einer \u201e\u00dcber\u00a0uns\u201c-Seite, um sich potenziellen Besuchern der Website vorzustellen. Dort k\u00f6nnte zum Beispiel stehen:<\/p>\r\n\r\n\r\n\r\n<blockquote class=\"wp-block-quote\">\r\n<p>Hallo! Tags\u00fcber arbeite ich als Fahrradkurier, nachts bin ich ein aufstrebender Schauspieler und dies hier ist meine Website. Ich lebe in Berlin, habe einen gro\u00dfen Hund namens Jack, mag Pi\u00f1a Coladas, jedoch weniger (ohne Schirm) im Regen stehen gelassen zu werden.<\/p>\r\n<\/blockquote>\r\n\r\n\r\n\r\n<p>&#8230;\u00a0oder so etwas wie:<\/p>\r\n\r\n\r\n\r\n<blockquote class=\"wp-block-quote\">\r\n<p>Das Unternehmen XYZ wurde 1971 gegr\u00fcndet und versorgt die \u00d6ffentlichkeit seither mit qualitativ hochwertigen Produkten. An seinem Standort in einer kleinen Gro\u00dfstadt besch\u00e4ftigt der Betrieb \u00fcber 2.000 Menschen und unterst\u00fctzt die Stadtbewohner in vielfacher Hinsicht.<\/p>\r\n<\/blockquote>\r\n\r\n\r\n\r\n<p>Als neuer WordPress-Benutzer sollten Sie <a href=\"https:\/\/www.hotel-miano.de\/wp-admin\/\">Ihr Dashboard<\/a> aufrufen, um diese Seite zu l\u00f6schen und neue Seiten und Beitr\u00e4ge f\u00fcr Ihre Website erstellen. Viel Spa\u00df!<\/p>\r\n","protected":false},"excerpt":{"rendered":"<p>Dies ist eine Beispiel-Seite. Sie unterscheidet sich von Beitr\u00e4gen, da sie stets an derselben Stelle bleibt und (bei den meisten Themes) in der Website-Navigation angezeigt wird. Die meisten starten mit einem Impressum, der Datenschutzerkl\u00e4rung oder einer \u201e\u00dcber\u00a0uns\u201c-Seite, um sich potenziellen Besuchern der Website vorzustellen. Dort k\u00f6nnte zum Beispiel stehen: Hallo! Tags\u00fcber arbeite ich als Fahrradkurier, [&hellip;]<\/p>\n","protected":false},"author":1,"featured_media":594,"parent":0,"menu_order":4,"comment_status":"closed","ping_status":"closed","template":"","meta":{"_acf_changed":false,"footnotes":""},"class_list":["post-130","page","type-page","status-publish","has-post-thumbnail","hentry"],"acf":[],"yoast_head":"<!-- This site is optimized with the Yoast SEO plugin v27.5 - https:\/\/yoast.com\/product\/yoast-seo-wordpress\/ -->\n<title>Hotel Miano by Limehome<\/title>\n<meta name=\"description\" content=\"Welcome to the MIANO Hotel Munich, the boutique and design hotel on Pasinger Marienplatz, with a unique ambience and the best service. We look forward to your visit to one of the most beautiful city hotels in Munich.\" \/>\n<meta name=\"robots\" content=\"index, follow, max-snippet:-1, max-image-preview:large, max-video-preview:-1\" \/>\n<link rel=\"canonical\" href=\"https:\/\/www.hotel-miano.de\/en\/\" \/>\n<meta property=\"og:locale\" content=\"en_US\" \/>\n<meta property=\"og:type\" content=\"article\" \/>\n<meta property=\"og:title\" content=\"Hotel Miano by Limehome\" \/>\n<meta property=\"og:description\" content=\"Welcome to the MIANO Hotel Munich, the boutique and design hotel on Pasinger Marienplatz, with a unique ambience and the best service. We look forward to your visit to one of the most beautiful city hotels in Munich.\" \/>\n<meta property=\"og:url\" content=\"https:\/\/www.hotel-miano.de\/en\/\" \/>\n<meta property=\"og:site_name\" content=\"Hotel Miano by Limehome\" \/>\n<meta property=\"article:modified_time\" content=\"2025-09-24T10:23:56+00:00\" \/>\n<meta property=\"og:image\" content=\"https:\/\/www.hotel-miano.de\/wp-content\/uploads\/2024\/03\/Miano-Hotel-Muenchen-Philosopie-1.jpg\" \/>\n\t<meta property=\"og:image:width\" content=\"640\" \/>\n\t<meta property=\"og:image:height\" content=\"427\" \/>\n\t<meta property=\"og:image:type\" content=\"image\/jpeg\" \/>\n<meta name=\"twitter:card\" content=\"summary_large_image\" \/>\n<meta name=\"twitter:label1\" content=\"Est. reading time\" \/>\n\t<meta name=\"twitter:data1\" content=\"7 minutes\" \/>\n<script type=\"application\/ld+json\" class=\"yoast-schema-graph\">{\"@context\":\"https:\\\/\\\/schema.org\",\"@graph\":[{\"@type\":\"WebPage\",\"@id\":\"https:\\\/\\\/www.hotel-miano.de\\\/en\\\/\",\"url\":\"https:\\\/\\\/www.hotel-miano.de\\\/en\\\/\",\"name\":\"Hotel Miano by Limehome\",\"isPartOf\":{\"@id\":\"https:\\\/\\\/www.hotel-miano.de\\\/en\\\/#website\"},\"primaryImageOfPage\":{\"@id\":\"https:\\\/\\\/www.hotel-miano.de\\\/en\\\/#primaryimage\"},\"image\":{\"@id\":\"https:\\\/\\\/www.hotel-miano.de\\\/en\\\/#primaryimage\"},\"thumbnailUrl\":\"https:\\\/\\\/www.hotel-miano.de\\\/wp-content\\\/uploads\\\/2024\\\/03\\\/Miano-Hotel-Muenchen-Philosopie-1.jpg\",\"datePublished\":\"2024-03-12T20:03:51+00:00\",\"dateModified\":\"2025-09-24T10:23:56+00:00\",\"description\":\"Welcome to the MIANO Hotel Munich, the boutique and design hotel on Pasinger Marienplatz, with a unique ambience and the best service. We look forward to your visit to one of the most beautiful city hotels in Munich.\",\"breadcrumb\":{\"@id\":\"https:\\\/\\\/www.hotel-miano.de\\\/en\\\/#breadcrumb\"},\"inLanguage\":\"en-US\",\"potentialAction\":[{\"@type\":\"ReadAction\",\"target\":[\"https:\\\/\\\/www.hotel-miano.de\\\/en\\\/\"]}]},{\"@type\":\"ImageObject\",\"inLanguage\":\"en-US\",\"@id\":\"https:\\\/\\\/www.hotel-miano.de\\\/en\\\/#primaryimage\",\"url\":\"https:\\\/\\\/www.hotel-miano.de\\\/wp-content\\\/uploads\\\/2024\\\/03\\\/Miano-Hotel-Muenchen-Philosopie-1.jpg\",\"contentUrl\":\"https:\\\/\\\/www.hotel-miano.de\\\/wp-content\\\/uploads\\\/2024\\\/03\\\/Miano-Hotel-Muenchen-Philosopie-1.jpg\",\"width\":1920,\"height\":1280},{\"@type\":\"BreadcrumbList\",\"@id\":\"https:\\\/\\\/www.hotel-miano.de\\\/en\\\/#breadcrumb\",\"itemListElement\":[{\"@type\":\"ListItem\",\"position\":1,\"name\":\"Startseite\",\"item\":\"https:\\\/\\\/www.hotel-miano.de\\\/en\\\/\"},{\"@type\":\"ListItem\",\"position\":2,\"name\":\"Home\"}]},{\"@type\":\"WebSite\",\"@id\":\"https:\\\/\\\/www.hotel-miano.de\\\/en\\\/#website\",\"url\":\"https:\\\/\\\/www.hotel-miano.de\\\/en\\\/\",\"name\":\"Hotel Miano\",\"description\":\"\",\"potentialAction\":[{\"@type\":\"SearchAction\",\"target\":{\"@type\":\"EntryPoint\",\"urlTemplate\":\"https:\\\/\\\/www.hotel-miano.de\\\/en\\\/?s={search_term_string}\"},\"query-input\":{\"@type\":\"PropertyValueSpecification\",\"valueRequired\":true,\"valueName\":\"search_term_string\"}}],\"inLanguage\":\"en-US\"}]}<\/script>\n<!-- \/ Yoast SEO plugin. -->","yoast_head_json":{"title":"Hotel Miano by Limehome","description":"Welcome to the MIANO Hotel Munich, the boutique and design hotel on Pasinger Marienplatz, with a unique ambience and the best service. We look forward to your visit to one of the most beautiful city hotels in Munich.","robots":{"index":"index","follow":"follow","max-snippet":"max-snippet:-1","max-image-preview":"max-image-preview:large","max-video-preview":"max-video-preview:-1"},"canonical":"https:\/\/www.hotel-miano.de\/en\/","og_locale":"en_US","og_type":"article","og_title":"Hotel Miano by Limehome","og_description":"Welcome to the MIANO Hotel Munich, the boutique and design hotel on Pasinger Marienplatz, with a unique ambience and the best service. We look forward to your visit to one of the most beautiful city hotels in Munich.","og_url":"https:\/\/www.hotel-miano.de\/en\/","og_site_name":"Hotel Miano by Limehome","article_modified_time":"2025-09-24T10:23:56+00:00","og_image":[{"url":"https:\/\/www.hotel-miano.de\/wp-content\/uploads\/2024\/03\/Miano-Hotel-Muenchen-Philosopie-1.jpg","width":640,"height":427,"type":"image\/jpeg"}],"twitter_card":"summary_large_image","twitter_misc":{"Est. reading time":"7 minutes"},"schema":{"@context":"https:\/\/schema.org","@graph":[{"@type":"WebPage","@id":"https:\/\/www.hotel-miano.de\/en\/","url":"https:\/\/www.hotel-miano.de\/en\/","name":"Hotel Miano by Limehome","isPartOf":{"@id":"https:\/\/www.hotel-miano.de\/en\/#website"},"primaryImageOfPage":{"@id":"https:\/\/www.hotel-miano.de\/en\/#primaryimage"},"image":{"@id":"https:\/\/www.hotel-miano.de\/en\/#primaryimage"},"thumbnailUrl":"https:\/\/www.hotel-miano.de\/wp-content\/uploads\/2024\/03\/Miano-Hotel-Muenchen-Philosopie-1.jpg","datePublished":"2024-03-12T20:03:51+00:00","dateModified":"2025-09-24T10:23:56+00:00","description":"Welcome to the MIANO Hotel Munich, the boutique and design hotel on Pasinger Marienplatz, with a unique ambience and the best service. We look forward to your visit to one of the most beautiful city hotels in Munich.","breadcrumb":{"@id":"https:\/\/www.hotel-miano.de\/en\/#breadcrumb"},"inLanguage":"en-US","potentialAction":[{"@type":"ReadAction","target":["https:\/\/www.hotel-miano.de\/en\/"]}]},{"@type":"ImageObject","inLanguage":"en-US","@id":"https:\/\/www.hotel-miano.de\/en\/#primaryimage","url":"https:\/\/www.hotel-miano.de\/wp-content\/uploads\/2024\/03\/Miano-Hotel-Muenchen-Philosopie-1.jpg","contentUrl":"https:\/\/www.hotel-miano.de\/wp-content\/uploads\/2024\/03\/Miano-Hotel-Muenchen-Philosopie-1.jpg","width":1920,"height":1280},{"@type":"BreadcrumbList","@id":"https:\/\/www.hotel-miano.de\/en\/#breadcrumb","itemListElement":[{"@type":"ListItem","position":1,"name":"Startseite","item":"https:\/\/www.hotel-miano.de\/en\/"},{"@type":"ListItem","position":2,"name":"Home"}]},{"@type":"WebSite","@id":"https:\/\/www.hotel-miano.de\/en\/#website","url":"https:\/\/www.hotel-miano.de\/en\/","name":"Hotel Miano","description":"","potentialAction":[{"@type":"SearchAction","target":{"@type":"EntryPoint","urlTemplate":"https:\/\/www.hotel-miano.de\/en\/?s={search_term_string}"},"query-input":{"@type":"PropertyValueSpecification","valueRequired":true,"valueName":"search_term_string"}}],"inLanguage":"en-US"}]}},"_links":{"self":[{"href":"https:\/\/www.hotel-miano.de\/en\/wp-json\/wp\/v2\/pages\/130","targetHints":{"allow":["GET"]}}],"collection":[{"href":"https:\/\/www.hotel-miano.de\/en\/wp-json\/wp\/v2\/pages"}],"about":[{"href":"https:\/\/www.hotel-miano.de\/en\/wp-json\/wp\/v2\/types\/page"}],"author":[{"embeddable":true,"href":"https:\/\/www.hotel-miano.de\/en\/wp-json\/wp\/v2\/users\/1"}],"replies":[{"embeddable":true,"href":"https:\/\/www.hotel-miano.de\/en\/wp-json\/wp\/v2\/comments?post=130"}],"version-history":[{"count":1,"href":"https:\/\/www.hotel-miano.de\/en\/wp-json\/wp\/v2\/pages\/130\/revisions"}],"predecessor-version":[{"id":1989,"href":"https:\/\/www.hotel-miano.de\/en\/wp-json\/wp\/v2\/pages\/130\/revisions\/1989"}],"wp:featuredmedia":[{"embeddable":true,"href":"https:\/\/www.hotel-miano.de\/en\/wp-json\/wp\/v2\/media\/594"}],"wp:attachment":[{"href":"https:\/\/www.hotel-miano.de\/en\/wp-json\/wp\/v2\/media?parent=130"}],"curies":[{"name":"wp","href":"https:\/\/api.w.org\/{rel}","templated":true}]}}